{"id":180,"date":"2016-04-26T12:07:21","date_gmt":"2016-04-26T10:07:21","guid":{"rendered":"http:\/\/k65.damxdesign.de\/?page_id=180"},"modified":"2016-04-28T22:11:22","modified_gmt":"2016-04-28T20:11:22","slug":"kontakt","status":"publish","type":"page","link":"https:\/\/www.celler-mixed-cup.de\/?page_id=180","title":{"rendered":"Kontakt \/ Impressum"},"content":{"rendered":"<p><strong>Angaben gem\u00e4\u00df \u00a7 5 Telemediengesetz (TMG):<\/strong><br \/>\nSebastian Bergengruen<br \/>\nNordwall 10<br \/>\n29221 Celle<br \/>\nDeutschland<\/p>\n<p>Telefon: 05141-22168<br \/>\nE-Mail: sebastian.bergengruen -at- web.de<\/p>\n<p><strong>Verantwortlicher f\u00fcr den Inhalt gem\u00e4\u00df \u00a7 55 Abs. 2 Rundfunkstaatsvertrag (RStV):<\/strong><br \/>\nSebastian Bergengruen<br \/>\nNordwall 10<br \/>\n29221 Celle<\/p>\n<hr>\n<\/hr>\n<p><b>Inhalt des Webangebotes<\/b><br \/>\nDer Autor ist bem\u00fcht, das Webangebot stets aktuell und inhaltlich richtig sowie vollst\u00e4ndig anzubieten. Dennoch ist das Auftreten von Fehlern nicht v\u00f6llig auszuschlie\u00dfen. Der Autor \u00fcbernimmt keine Haftung f\u00fcr die Aktualit\u00e4t, die inhaltliche Richtigkeit sowie f\u00fcr die Vollst\u00e4ndigkeit der in ihrem Webangebot eingestellten Informationen, es sei denn die Fehler wurden vors\u00e4tzlich oder grob fahrl\u00e4ssig aufgenommen. Dies bezieht sich auf eventuelle Sch\u00e4den materieller oder ideeller Art Dritter, die durch die Nutzung dieses Webangebotes verursacht wurden.<\/p>\n<p><b>Copyright<\/b><br \/>\nDas Layout der Homepage, die verwendeten Grafiken und Bilder, die Sammlung sowie einzelnen Beitr\u00e4ge sind urheberrechtlich gesch\u00fctzt. Alle Rechte, auch die der fotomechanischen Wiedergabe, der Vervielf\u00e4ltigung und der Verbreitung mittels besonderer Verfahren (zum Beispiel Datenverarbeitung, Datentr\u00e4ger und Datennetze), auch teilweise, beh\u00e4lt sich der Autor vor.<\/p>\n<p><b>Externe Verweise und Links<\/b><br \/>\nMit Urteil vom 12. Mai 1998 hat das LG Hamburg entschieden, dass man durch die Ausbringung eines Links die Inhalte der gelinkten Seite ggf. mit zu verantworten hat. Dies kann, so das LG, nur dadurch verhindert werden, dass man sich ausdr\u00fccklich von diesen Inhalten distanziert. Wir haben auf unseren Seiten Links zu Seiten im Internet gelegt, deren Inhalt und Aktualisierung nicht dem Einflussbereich der Autor unterliegen. F\u00fcr alle diese Links gilt:<\/p>\n<p>&#8222;Der Autor hat keinen Einfluss auf Gestaltung und Inhalte fremder Internetseiten. Sie distanziert sich daher von allen fremden Inhalten, auch wenn von Seiten der Autor auf diese externe Seiten ein Link gesetzt wurde.&#8220;<\/p>\n<p>Diese Erkl\u00e4rung gilt f\u00fcr alle auf unserer Homepage angezeigten Links und f\u00fcr alle Inhalte der Seiten, zu denen die bei uns angemeldeten Banner und Links f\u00fchren.<\/p>\n<p><b>Rechtswirksamkeit<\/b><br \/>\nDieser Haftungsausschluss ist Teil des Internetangebotes des Celler Mixed Cups. Sofern einzelne Formulierungen oder Teile dieses Textes der geltenden Rechtslage nicht mehr oder nicht mehr vollst\u00e4ndig entsprechen, bleiben die \u00fcbrigen Teile dieser Erkl\u00e4rung davon unber\u00fchrt.<\/p>\n","protected":false},"excerpt":{"rendered":"<p>Angaben gem\u00e4\u00df \u00a7 5 Telemediengesetz (TMG): Sebastian Bergengruen Nordwall 10 29221 Celle Deutschland Telefon: 05141-22168 E-Mail: sebastian.bergengruen -at- web.de Verantwortlicher f\u00fcr den Inhalt gem\u00e4\u00df \u00a7 55 Abs. 2 Rundfunkstaatsvertrag (RStV): [&hellip;]<\/p>\n","protected":false},"author":1,"featured_media":0,"parent":0,"menu_order":0,"comment_status":"closed","ping_status":"closed","template":"page-full-width.php","meta":{"footnotes":""},"aioseo_notices":[],"_links":{"self":[{"href":"https:\/\/www.celler-mixed-cup.de\/index.php?rest_route=\/wp\/v2\/pages\/180"}],"collection":[{"href":"https:\/\/www.celler-mixed-cup.de\/index.php?rest_route=\/wp\/v2\/pages"}],"about":[{"href":"https:\/\/www.celler-mixed-cup.de\/index.php?rest_route=\/wp\/v2\/types\/page"}],"author":[{"embeddable":true,"href":"https:\/\/www.celler-mixed-cup.de\/index.php?rest_route=\/wp\/v2\/users\/1"}],"replies":[{"embeddable":true,"href":"https:\/\/www.celler-mixed-cup.de\/index.php?rest_route=%2Fwp%2Fv2%2Fcomments&post=180"}],"version-history":[{"count":14,"href":"https:\/\/www.celler-mixed-cup.de\/index.php?rest_route=\/wp\/v2\/pages\/180\/revisions"}],"predecessor-version":[{"id":398,"href":"https:\/\/www.celler-mixed-cup.de\/index.php?rest_route=\/wp\/v2\/pages\/180\/revisions\/398"}],"wp:attachment":[{"href":"https:\/\/www.celler-mixed-cup.de\/index.php?rest_route=%2Fwp%2Fv2%2Fmedia&parent=180"}],"curies":[{"name":"wp","href":"https:\/\/api.w.org\/{rel}","templated":true}]}}