{"id":132,"date":"2016-04-25T21:31:07","date_gmt":"2016-04-25T19:31:07","guid":{"rendered":"http:\/\/k65.damxdesign.de\/?page_id=132"},"modified":"2025-02-21T09:43:31","modified_gmt":"2025-02-21T08:43:31","slug":"turnierinfos","status":"publish","type":"page","link":"https:\/\/www.celler-mixed-cup.de\/?page_id=132","title":{"rendered":"Turnierinfos"},"content":{"rendered":"<div class=\"single-tribe_events\"><hr \/>\r\n<h2>12. Celler Mixed Cup: 23. + 24. August 2025<\/h2>\r\n<p>Was? Wann? Wer? Wo? Alle wichtigen Informationen rund um das Turnier findet ihr zusammengefasst auf dieser Seite.<br \/><a class=\"btn small-btn\" style=\"color: white !important; margin-top: 20px;\" href=\"?page_id=89\">Anmelden<\/a><\/p>\r\n<div class=\"tribe-events-single-section tribe-events-event-meta primary tribe-clearfix\">\r\n<div class=\"tribe-events-meta-group tribe-events-meta-group-details\">\r\n<h3>Veranstaltungsinfos<\/h3>\r\n<dl>\r\n<dt><strong>Termin:<\/strong><\/dt>\r\n<dd>23. + 24. August 2025<\/dd>\r\n<dd><\/dd>\r\n<dt><strong>Uhrzeit:<\/strong><\/dt>\r\n<dd>ab 9:00 Uhr<\/dd>\r\n<dd><\/dd>\r\n<dt><strong>Teilnehmer:<\/strong><\/dt>\r\n<dd>mind. 14 Jahre alt, Anzahl der Teams ist begrenzt<\/dd>\r\n<dd><\/dd>\r\n<dt><strong>Meldeschluss:<\/strong><\/dt>\r\n<dd>19. August 2025, 20:00 Uhr<\/dd>\r\n<dd><\/dd>\r\n<dt><strong>Anmeldegeb\u00fchr:<\/strong><\/dt>\r\n<dd>30,00 Euro pro Team<br \/>Der Veranstalter beh\u00e4lt sich nach Auslosung im Falle eines Nichterscheinens oder einer Absage ohne \u00e4rztliches Attest die Einforderung der Meldegeb\u00fchr vor.<\/dd>\r\n<dd><\/dd>\r\n<dt><strong>Anmeldung:<\/strong><\/dt>\r\n<dd>Online \u00fcber das <a href=\"?page_id=89\">Anmeldeformular <\/a>oder per E-Mail an <a href=\"mailto:celle-mixed-cup@web.de\" target=\"_blank\" rel=\"noopener\">celle-mixed-cup@web.de<\/a><\/dd>\r\n<dd><\/dd>\r\n<dt><strong>Turnierbedingungen:<\/strong><\/dt>\r\n<dd>Jeder Teilnehmer erkl\u00e4rt sich mit der Ver\u00f6ffentlichung der Ergebnisse bzw. ereignisbezogener Fotos in den lokalen Medien und im Internet einverstanden. Dabei k\u00f6nnen personenbezogene Daten von Teilnehmern (Name, Verein, Altersklasse, Platzierung) genannt werden.<\/dd>\r\n<\/dl>\r\n<\/div>\r\n<div class=\"tribe-events-meta-group tribe-events-meta-group-details\">\r\n<h3>Turnierinfos<\/h3>\r\n<dl>\r\n<dt><strong>Teilnehmer:<\/strong><\/dt>\r\n<dd>mind. 14 Jahre alt, Anzahl der Teams ist begrenzt<\/dd>\r\n<dt><strong>Spiel-Modus:<\/strong><\/dt>\r\n<dd>je nach Anzahl Teilnehmer, entweder K.-o.-System oder Gruppen<\/dd>\r\n<dt><strong>Turnierleitung:<\/strong><\/dt>\r\n<dd>Steffi Opola, Marc Neubert, Sven Sosnowski, Sebastian Bergengruen, Julia Bergengruen<\/dd>\r\n<dt><strong>Auslosung:<\/strong><\/dt>\r\n<dd>20. August 2025, 18:00 Uhr<\/dd>\r\n<dt><strong>Bekanntgabe:<\/strong><\/dt>\r\n<dd>sp\u00e4testens 22. August 2025, 14:00 Uhr<\/dd>\r\n<dt><strong>Turnierarzt:<\/strong><\/dt>\r\n<dd>Diensthabende \u00c4rzte \/ \u00e4rztlicher Notdienst<\/dd>\r\n<dt><strong>B\u00e4lle:<\/strong><\/dt>\r\n<dd>noch offen<\/dd>\r\n<dt><strong>Platz:<\/strong><\/dt>\r\n<dd>6 Sandpl\u00e4tze (Wetterabh\u00e4ngig wird in der Halle auf Teppich gespielt, f\u00fcr diesen Fall bitte Schuhe mit glatter Sohle mitbringen)<\/dd>\r\n<dt><strong>Oberschiedsrichter:<\/strong><\/dt>\r\n<dd>Sebastian Bergengruen<\/dd>\r\n<\/dl>\r\n<\/div>\r\n<\/div>\r\n<div class=\"tribe-events-single-section tribe-events-event-meta secondary tribe-clearfix\">\r\n<div class=\"tribe-events-meta-group tribe-events-meta-group-venue\">\r\n<h3 class=\"tribe-events-single-section-title\">Veranstalter<\/h3>\r\n<dl>\r\n<dt><strong>Organisation:<\/strong><\/dt>\r\n<dd>Sven Sosnowski<\/dd>\r\n<dt><strong>Finanzen \/ Sponsoring:<\/strong><\/dt>\r\n<dd>Sebastian Bergengruen<\/dd>\r\n<dt><strong>Turnierablauf:<\/strong><\/dt>\r\n<dd>Steffi Opola<\/dd>\r\n<dt><strong>Turnierablauf:<\/strong><\/dt>\r\n<dd>Marc Neubert<\/dd>\r\n<\/dl>\r\n<\/div>\r\n<div class=\"tribe-events-venue-map\"><a href=\"http:\/\/www.celler-mixed-cup.de\/wp-content\/uploads\/2018\/08\/IMG_20180807_145857.jpg\"><img loading=\"lazy\" decoding=\"async\" class=\"alignnone wp-image-1143\" src=\"http:\/\/www.celler-mixed-cup.de\/wp-content\/uploads\/2018\/08\/IMG_20180807_145857-300x202.jpg\" width=\"720\" height=\"486\" srcset=\"https:\/\/www.celler-mixed-cup.de\/wp-content\/uploads\/2018\/08\/IMG_20180807_145857-300x202.jpg 300w, https:\/\/www.celler-mixed-cup.de\/wp-content\/uploads\/2018\/08\/IMG_20180807_145857-768x518.jpg 768w, https:\/\/www.celler-mixed-cup.de\/wp-content\/uploads\/2018\/08\/IMG_20180807_145857-1024x691.jpg 1024w\" sizes=\"(max-width: 720px) 100vw, 720px\" \/><\/a><\/div>\r\n<\/div>\r\n<div class=\"tribe-events-single-section tribe-events-event-meta secondary tribe-clearfix\">\r\n<div class=\"tribe-events-meta-group tribe-events-meta-group-venue\">\r\n<h3 class=\"tribe-events-single-section-title\">Veranstaltungsort<\/h3>\r\n<dl>\r\n<dd>Tennisanlage MTV Eintracht Celle<br \/>Nienburger Stra\u00dfe 42<br \/>29221 Celle<\/dd>\r\n<dd><a class=\"tribe-events-gmap\" title=\"Klicken, um Google Karte anzuzeigen\" href=\"http:\/\/maps.google.com\/maps?f=q&amp;source=s_q&amp;hl=en&amp;geocode=&amp;q=Nienburger+Stra%C3%9Fe+42+Celle+29221\" target=\"_blank\" rel=\"noopener noreferrer\">+ In Google-Maps anzeigen<\/a><\/dd>\r\n<\/dl>\r\n<\/div>\r\n<div class=\"tribe-events-venue-map\"><div id=\"wpgmza_map\" class=\"wpgmza_map\" data-settings='{\"id\":\"1\",\"map_title\":\"Veranstaltungsort\",\"map_width\":\"100\",\"map_height\":\"400\",\"map_start_lat\":\"52.621664\",\"map_start_lng\":\"10.052814\",\"map_start_location\":\"52.621664216243545,10.052813539550831\",\"map_start_zoom\":\"14\",\"default_marker\":\"0\",\"type\":\"1\",\"alignment\":\"2\",\"directions_enabled\":\"1\",\"styling_enabled\":\"0\",\"styling_json\":\"\",\"active\":\"0\",\"kml\":\"\",\"bicycle\":\"0\",\"traffic\":\"0\",\"dbox\":\"1\",\"dbox_width\":\"250\",\"listmarkers\":\"0\",\"listmarkers_advanced\":\"0\",\"filterbycat\":\"0\",\"ugm_enabled\":\"0\",\"ugm_category_enabled\":\"0\",\"fusion\":\"\",\"map_width_type\":\"\\\\%\",\"map_height_type\":\"px\",\"mass_marker_support\":\"1\",\"ugm_access\":\"0\",\"order_markers_by\":\"1\",\"order_markers_choice\":\"2\",\"show_user_location\":\"0\",\"default_to\":\"\",\"other_settings\":{\"store_locator_enabled\":2,\"store_locator_distance\":2,\"store_locator_bounce\":1,\"store_locator_query_string\":\"ZIP \\\/ Address:\",\"wpgmza_store_locator_restrict\":\"\",\"map_max_zoom\":\"1\",\"transport_layer\":0,\"wpgmza_theme_data\":\"\"}}' data-map-id='1' Data-maps-engine='' data-shortcode-attributes='{\"id\":\"1\"}' style=\"display:block; overflow:auto; width:100%; height:400px; float:left;\"><\/div><\/div>\r\n<\/div>\r\n<\/div>\r\n\r\n<p>&nbsp;<\/p>\r\n","protected":false},"excerpt":{"rendered":"<p>12. Celler Mixed Cup: 23. + 24. August 2025 Was? Wann? Wer? Wo? Alle wichtigen Informationen rund um das Turnier findet ihr zusammengefasst auf dieser Seite.Anmelden Veranstaltungsinfos Termin: 23. + [&hellip;]<\/p>\n","protected":false},"author":1,"featured_media":0,"parent":0,"menu_order":0,"comment_status":"closed","ping_status":"closed","template":"page-full-width.php","meta":{"footnotes":""},"aioseo_notices":[],"_links":{"self":[{"href":"https:\/\/www.celler-mixed-cup.de\/index.php?rest_route=\/wp\/v2\/pages\/132"}],"collection":[{"href":"https:\/\/www.celler-mixed-cup.de\/index.php?rest_route=\/wp\/v2\/pages"}],"about":[{"href":"https:\/\/www.celler-mixed-cup.de\/index.php?rest_route=\/wp\/v2\/types\/page"}],"author":[{"embeddable":true,"href":"https:\/\/www.celler-mixed-cup.de\/index.php?rest_route=\/wp\/v2\/users\/1"}],"replies":[{"embeddable":true,"href":"https:\/\/www.celler-mixed-cup.de\/index.php?rest_route=%2Fwp%2Fv2%2Fcomments&post=132"}],"version-history":[{"count":68,"href":"https:\/\/www.celler-mixed-cup.de\/index.php?rest_route=\/wp\/v2\/pages\/132\/revisions"}],"predecessor-version":[{"id":2229,"href":"https:\/\/www.celler-mixed-cup.de\/index.php?rest_route=\/wp\/v2\/pages\/132\/revisions\/2229"}],"wp:attachment":[{"href":"https:\/\/www.celler-mixed-cup.de\/index.php?rest_route=%2Fwp%2Fv2%2Fmedia&parent=132"}],"curies":[{"name":"wp","href":"https:\/\/api.w.org\/{rel}","templated":true}]}}